{"id":299,"date":"2020-06-25T21:38:01","date_gmt":"2020-06-25T19:38:01","guid":{"rendered":"http:\/\/www.illevriero.it\/new\/?page_id=299"},"modified":"2020-06-25T21:38:02","modified_gmt":"2020-06-25T19:38:02","slug":"testi-1919","status":"publish","type":"page","link":"https:\/\/www.illevriero.it\/new\/testi-1919\/","title":{"rendered":"TESTI &#8211; 1919"},"content":{"rendered":"\n<div class=\"wp-block-cover has-background-dim\" style=\"background-image:url(http:\/\/www.illevriero.it\/new\/wp-content\/uploads\/2020\/06\/lyrics-e1592682894479.jpg)\"><div class=\"wp-block-cover__inner-container is-layout-flow wp-block-cover-is-layout-flow\">\n<p class=\"has-text-align-center has-large-font-size\"><strong><span class=\"has-inline-color has-neve-button-color-color\">1919<\/span><\/strong><\/p>\n\n\n\n<p class=\"has-text-align-center has-large-font-size\"><strong><span class=\"has-inline-color has-neve-button-color-color\">Testi<\/span><\/strong><\/p>\n<\/div><\/div>\n\n\n\n<div style=\"height:100px\" aria-hidden=\"true\" class=\"wp-block-spacer\"><\/div>\n\n\n\n<div class=\"wp-block-image\"><figure class=\"aligncenter size-large\"><img fetchpriority=\"high\" decoding=\"async\" width=\"300\" height=\"303\" src=\"http:\/\/www.illevriero.it\/new\/wp-content\/uploads\/2020\/06\/000000000000000000000000000000000000000000000000000000000000000000000000000000000000000a00a1aa2b-e1592512940560.jpg\" alt=\"\" class=\"wp-image-100\"\/><\/figure><\/div>\n\n\n<h4>\u00a0<\/h4>\n<h4>\u00a0<\/h4>\n<h4>1919<\/h4>\n<p>Mi chiedi se ancora non basta<br \/>Quel mare di sangue che s&#8217;\u00e8 attraversato,<br \/>Che tarlo ci rode e ci guasta<br \/>La sorda esultanza d&#8217;aver riportato<br \/>A casa la pelle che mai nessuno pi\u00f9 avrebbe scommesso tornasse da l\u00e0&#8230;<br \/>La chiami \u201cnevrosi da eroi\u201d<br \/>Sarcasmo \u00e0 la page di rigore parlando di noi.<br \/>In guerra diletti ai poeti<br \/>In pace reietti e stranieri,<br \/>Resulta di morti incompleti<br \/>Che ingombrano peggio dei veri.<br \/>Sar\u00e0 che un tizzone d&#8217;inferno<br \/>Nell&#8217;occhio ci ha preso dimora,<br \/>Che un puzzo di cane in inverno<br \/>Ci sosta di presso da allora.<\/p>\n<p>T&#8217;inganni, sai, tu che di me<br \/>Non vedi che vuota apparenza.<br \/>Non crederai, non noti che<br \/>Del lutto non puoi pi\u00f9 far senza.<br \/>Non chiedo che d&#8217;esser felice<br \/>E il tempo son certa sia ora:<br \/>Facile se farai come me<br \/>E andasse il passato in malora!<\/p>\n<p>Sar\u00e0, ma non dopo la vista<br \/>D&#8217;un cieco di guerra i cui passi sperduti<br \/>Cercavano a tentoni la pista<br \/>Per uscir da una selva di lazzi e di sputi<br \/>E d&#8217;un mutilato le cui stampelle son state scalciate per ilarit\u00e0.<br \/>Ma odia ciascuno di noi<br \/>Quel mezzo paese che teme e disprezza gli eroi.<br \/>La stessa carogna che ieri<br \/>Qualunque nemico ha tifato,<br \/>Gli infami che oggi van fieri<br \/>Di ci\u00f2 che gli \u00e8 stato evitato.<br \/>Vigliacchi a cui la fierezza<br \/>Procura un&#8217;innata allergia,<br \/>Per cui vagheggiar la grandezza<br \/>E\u2019 sintomo di malattia.<\/p>\n<p><br \/>Credo, semmai, che dentro te<br \/>Insorgano urlanti i caduti<br \/>E sbagli sai se credi che<br \/>Prestar loro voce ti aiuti.<br \/>La vita era e resta una sola<br \/>Malgrado ogni elucubrazione,<br \/>Pensare a s\u00e9 oggi non \u00e8 che la pi\u00f9 ardua missione.<\/p>\n<p>Non cedere un palmo di terra<br \/>Sul fronte non era che il giusto<br \/>Ma in questa pi\u00f9 infima guerra<br \/>Finisci per prenderci gusto.<br \/>Scusami, sai, se dico che indietro non son mai tornato<br \/>Non fino a che non si vedr\u00e0 ci\u00f2 per cui s&#8217;\u00e8 sanguinato.<\/p>\n<p>Vi faccio gli auguri in tal caso,<br \/>Di pi\u00f9 non saprei cosa dirvi<br \/>Ma se la sorte vi arrider\u00e0 sar\u00f2 la prima a seguirvi.<\/p>\n<p>\u00a0<\/p>\n<p>\u00a0<\/p>\n\n\n<hr class=\"wp-block-separator\"\/>\n\n\n<h4>\u00a0<\/h4>\n<h4>DISOBBEDISCO!<\/h4>\n<p>Sono venuto per sentire come batta il vostro polso <br \/>Come s&#8217;intoni il vostro cuore<br \/>Come si comporti il vostro fegato.<br \/>Qualcuno ha pensato che io avrei detto: \u201cObbedisco\u201d?<br \/>Il verbo \u00e8 vecchio, sebbene garibaldino, i tempi son mutati&#8230;<br \/>Io dico invece a voce chiara e a testa alta: \u201cDisobbedisco!\u201d<br \/>Non ho lasciato un comando se non per prenderne un altro.<br \/>Ma voi che avete fatto, intanto,<br \/>mentre io preparavo in silenzio, senza perdere un&#8217;ora, qualcosa di cui avrete notizia, spero, tra poco.<br \/>Quali armi voi mi date?<br \/>Come vi siete voi ordinati e disposti alla lotta?<br \/>Con qual proposito? Con quale disciplina?<br \/>Mi sembra che voi non aspiriate se non al premio della pazienza;<br \/>Che certamente sar\u00e0 istituito dal nuovo paterno regime il quale,<br \/>ammettendo nel suo pentolone i miscugli e gli intrugli pi\u00f9 diversi,<br \/>\u00e8 capace di fare sua anche la sentenza francescana:<br \/>\u201cLa pazienza \u00e8 opera di perfezione e prova di virt\u00f9\u201d.<br \/>Mi felicito con voi: virtuosissimi!!<\/p>\n<p>Sono venuto qui appunto misurare la vostra pazienza che sembra incommensurabile.<br \/>La fame \u00e8 una creatrice di mondi, cos\u00ec come il desiderio,<br \/>ma \u00e8 proprio necessario che il nostro pane quotidiano sia zeppo di vermi?<br \/>Masticatelo, se vi piace, io preferisco la fame!<br \/>Tornate a casa e pazientissimamente aspettate il premio della pazienza&#8230;<br \/>Tornate a casa: mettete la testa tra due guanciali e mandatemi una buona volta al diavolo!<\/p>\n<p>Eccolo&#8230; eccolo il triste mutilato la cui pensione, troppo attesa, \u00e8 umiliante elemosina&#8230;<br \/>Eccolo: manomesso dal poliziotto travestito, traballare tra lattoni e sberleffi,<br \/>girar sul tacco di legno, cadere di schianto e rimanere lungo gi\u00f9 nel selciato.<br \/>Ma anche l&#8217;uomo delle grucce, anche lui \u00e8 un soldato che sa rispondere: \u201cDisobbedisco!\u201d.<\/p>\n<p>\u00a0<\/p>\n<p>\u00a0<\/p>\n\n\n<p><\/p>\n","protected":false},"excerpt":{"rendered":"<p>\u00a0 \u00a0 1919 Mi chiedi se ancora non bastaQuel mare di sangue che s&#8217;\u00e8 attraversato,Che tarlo ci rode e ci guastaLa sorda esultanza d&#8217;aver riportatoA casa la pelle che mai nessuno pi\u00f9 avrebbe scommesso tornasse da l\u00e0&#8230;La chiami \u201cnevrosi da eroi\u201dSarcasmo \u00e0 la page di rigore parlando di noi.In guerra diletti ai poetiIn pace reietti&hellip;&nbsp;<a href=\"https:\/\/www.illevriero.it\/new\/testi-1919\/\" rel=\"bookmark\">Leggi tutto &raquo;<span class=\"screen-reader-text\">TESTI &#8211; 1919<\/span><\/a><\/p>\n","protected":false},"author":2,"featured_media":0,"parent":0,"menu_order":0,"comment_status":"closed","ping_status":"closed","template":"","meta":{"_uag_custom_page_level_css":"","advgb_blocks_editor_width":"","advgb_blocks_columns_visual_guide":"","kk_blocks_editor_width":"","_kiokenblocks_attr":"","_kiokenblocks_dimensions":"","neve_meta_sidebar":"","neve_meta_container":"","neve_meta_enable_content_width":"off","neve_meta_content_width":0,"neve_meta_title_alignment":"","neve_meta_author_avatar":"","neve_post_elements_order":"","neve_meta_disable_header":"","neve_meta_disable_footer":"","neve_meta_disable_title":"","_themeisle_gutenberg_block_has_review":false,"footnotes":""},"class_list":["post-299","page","type-page","status-publish","hentry"],"featured_image_src":null,"featured_image_src_square":null,"uagb_featured_image_src":{"full":false,"thumbnail":false,"medium":false,"medium_large":false,"large":false,"1536x1536":false,"2048x2048":false,"ab-block-post-grid-landscape":false,"ab-block-post-grid-square":false,"neve-blog":false},"uagb_author_info":{"display_name":"Amministratore","author_link":"https:\/\/www.illevriero.it\/new\/author\/amministratore\/"},"uagb_comment_info":0,"uagb_excerpt":"\u00a0 \u00a0 1919 Mi chiedi se ancora non bastaQuel mare di sangue che s&#8217;\u00e8 attraversato,Che tarlo ci rode e ci guastaLa sorda esultanza d&#8217;aver riportatoA casa la pelle che mai nessuno pi\u00f9 avrebbe scommesso tornasse da l\u00e0&#8230;La chiami \u201cnevrosi da eroi\u201dSarcasmo \u00e0 la page di rigore parlando di noi.In guerra diletti ai poetiIn pace reietti&hellip;&nbsp;Leggi&hellip;","coauthors":[],"author_meta":{"author_link":"https:\/\/www.illevriero.it\/new\/author\/amministratore\/","display_name":"Amministratore"},"relative_dates":{"created":"Pubblicato 6 anni fa","modified":"Aggiornato 6 anni fa"},"absolute_dates":{"created":"Pubblicato il 25\/06\/2020","modified":"Aggiornato il 25\/06\/2020"},"absolute_dates_time":{"created":"Pubblicato il 25\/06\/2020 21:38","modified":"Aggiornato il 25\/06\/2020 21:38"},"featured_img_caption":"","featured_img":false,"series_order":"","_links":{"self":[{"href":"https:\/\/www.illevriero.it\/new\/wp-json\/wp\/v2\/pages\/299","targetHints":{"allow":["GET"]}}],"collection":[{"href":"https:\/\/www.illevriero.it\/new\/wp-json\/wp\/v2\/pages"}],"about":[{"href":"https:\/\/www.illevriero.it\/new\/wp-json\/wp\/v2\/types\/page"}],"author":[{"embeddable":true,"href":"https:\/\/www.illevriero.it\/new\/wp-json\/wp\/v2\/users\/2"}],"replies":[{"embeddable":true,"href":"https:\/\/www.illevriero.it\/new\/wp-json\/wp\/v2\/comments?post=299"}],"version-history":[{"count":2,"href":"https:\/\/www.illevriero.it\/new\/wp-json\/wp\/v2\/pages\/299\/revisions"}],"predecessor-version":[{"id":301,"href":"https:\/\/www.illevriero.it\/new\/wp-json\/wp\/v2\/pages\/299\/revisions\/301"}],"wp:attachment":[{"href":"https:\/\/www.illevriero.it\/new\/wp-json\/wp\/v2\/media?parent=299"}],"curies":[{"name":"wp","href":"https:\/\/api.w.org\/{rel}","templated":true}]}}