{"id":163,"date":"2020-06-19T23:22:25","date_gmt":"2020-06-19T21:22:25","guid":{"rendered":"http:\/\/www.illevriero.it\/new\/?page_id=163"},"modified":"2020-07-04T23:11:27","modified_gmt":"2020-07-04T21:11:27","slug":"italia-ultimo-atto","status":"publish","type":"page","link":"https:\/\/www.illevriero.it\/new\/italia-ultimo-atto\/","title":{"rendered":"ITALIA: ULTIMO ATTO"},"content":{"rendered":"<p><img fetchpriority=\"high\" decoding=\"async\" class=\"alignnone size-medium wp-image-76\" src=\"http:\/\/www.illevriero.it\/new\/wp-content\/uploads\/2020\/06\/IUA-e1592512132739-300x281.jpg\" alt=\"\" width=\"300\" height=\"281\" srcset=\"https:\/\/www.illevriero.it\/new\/wp-content\/uploads\/2020\/06\/IUA-e1592512132739-300x281.jpg 300w, https:\/\/www.illevriero.it\/new\/wp-content\/uploads\/2020\/06\/IUA-e1592512132739.jpg 319w\" sizes=\"(max-width: 300px) 100vw, 300px\" \/><\/p>\n<div class=\"edgtf-album-details-holder\">\n<div class=\"edgtf-album-details edgtf-album-artists\"><strong>Artist:<\/strong> IANVA<\/div>\n<div class=\"edgtf-album-details edgtf-album-labels\"><strong>Label:<\/strong> Antica Fonografia Il Levriero<br><strong>Tipologia:<\/strong> Digibook CD<\/div>\n<div class=\"edgtf-album-details edgtf-album-date\"><strong>Release Date:<\/strong> 02\/06\/2009<\/div>\n<div class=\"edgtf-album-details edgtf-album-genres\"><strong>Genres:<\/strong> Chanson, Dark Cabaret, Italian, Italian Cabaret Melodrama, Martial, Neofolk, Neoclassical, Old Fashioned, Songwriter, Soundtrack<p><\/p>\n<\/div>\n<div class=\"edgtf-album-details edgtf-album-people\"><strong>Personnel&nbsp;<\/strong> <br>Mercy: voce, liriche, musiche, concepto, arrangiamenti, cori <br>Stefania T. D\u2019Alterio: voce, liriche, musiche<br>Fabio Carfagna: chitarre acustica ed elettrica, musiche, cori <br>Francesco La Rosa: percussioni d\u2019ogni sorta, programmazione macchine, musiche <br>Fabio Gremo: chitarra classica, musiche, arrangiamenti, cori <br>Giuseppe Span\u00f2: pianoforte, cori <br>Azoth: basso elettrico <br>Davide La Rosa: fisarmonica, percussioni, cori<\/div>\n<div>Roby Nappi Calcagno: tromba<\/div>\n<div class=\"edgtf-album-details edgtf-album-people\">\n<p><strong>Guests:<\/strong> <br>Enrico Silvestrin (voce recitante in &#8220;<em>Prologo<\/em>&#8220;)<br>Franca Lai (voce in &#8220;<em>Galleria Delle Grazie<\/em>&#8220;)<br>Duke Montana (inserto in &#8220;<em>Piazza Dei Cinquecento<\/em>&#8220;)<\/p>\n<p><\/p>\n<p><strong>Registrazioni a cura di: <\/strong>Francesco La Rosa (ReAbo Studios) <br><strong>Prodotto da:<\/strong> IANVA <br><strong>Grafica e supervisione generale:<\/strong> Massimo Bellucci per &#8220;Antica Fonografia Il Levriero&#8221;<\/p>\n<\/div>\n<\/div>\n\n\n<hr class=\"wp-block-separator\"\/>\n\n\n<h4>Tracklist<\/h4>\n<div class=\"edgtf-album-details-holder\">&nbsp;<\/div>\n<div>&nbsp;<\/div>\n<div class=\"edgtf-track-holder edgtf-unique-track-5750-\"><span class=\"edgtf-track-title\" data-track-index=\"0\"> <span class=\"edgtf-track-number\"> 1. <\/span> Prologo<\/span><\/div>\n<div class=\"edgtf-track-holder edgtf-unique-track-5750-\"><span class=\"edgtf-track-title\" data-track-index=\"1\"> <span class=\"edgtf-track-number\"> 2. <\/span> Dov&#8217;eri Tu Quel Giorno?<\/span><\/div>\n<div class=\"edgtf-track-holder edgtf-unique-track-5750-\"><span class=\"edgtf-track-title\" data-track-index=\"2\"> <span class=\"edgtf-track-number\"> 3. <\/span> Galleria Delle Grazie<\/span><\/div>\n<div class=\"edgtf-track-holder edgtf-unique-track-5750-\"><span class=\"edgtf-track-title\" data-track-index=\"3\"> <span class=\"edgtf-track-number\"> 4. <\/span> Negli Occhi D&#8217;Un Ribelle<\/span><\/div>\n<div class=\"edgtf-track-holder edgtf-unique-track-5750-\"><span class=\"edgtf-track-title\" data-track-index=\"4\"> <span class=\"edgtf-track-number\"> 5. <\/span> La Stagione Di Caino<\/span><\/div>\n<div class=\"edgtf-track-holder edgtf-unique-track-5750-\"><span class=\"edgtf-track-title\" data-track-index=\"5\"> <span class=\"edgtf-track-number\"> 6. <\/span> Luisa Ferida<\/span><\/div>\n<div class=\"edgtf-track-holder edgtf-unique-track-5750-\"><span class=\"edgtf-track-title\" data-track-index=\"6\"> <span class=\"edgtf-track-number\"> 7. <\/span> Bora<\/span><\/div>\n<div class=\"edgtf-track-holder edgtf-unique-track-5750-\"><span class=\"edgtf-track-title\" data-track-index=\"7\"> <span class=\"edgtf-track-number\"> 8. <\/span> In Compagnia Dei Lup<\/span><span class=\"edgtf-track-buy\">i<\/span><\/div>\n<div class=\"edgtf-track-holder edgtf-unique-track-5750-\"><span class=\"edgtf-track-title\" data-track-index=\"8\"> <span class=\"edgtf-track-number\"> 9. <\/span> Cemento Armato<\/span><\/div>\n<div class=\"edgtf-track-holder edgtf-unique-track-5750-\"><span class=\"edgtf-track-title\" data-track-index=\"9\"> <span class=\"edgtf-track-number\"> 10. <\/span> Pasionaria<\/span><\/div>\n<div class=\"edgtf-track-holder edgtf-unique-track-5750-\"><span class=\"edgtf-track-title\" data-track-index=\"10\"> <span class=\"edgtf-track-number\"> 11. <\/span> Piazza Dei Cinquecento<\/span><\/div>\n<div class=\"edgtf-track-holder edgtf-unique-track-5750-\"><span class=\"edgtf-track-title\" data-track-index=\"11\"> <span class=\"edgtf-track-number\"> 12. <\/span> L&#8217;Estate Dei Silenzi<\/span><\/div>\n<div class=\"edgtf-track-holder edgtf-unique-track-5750-\"><span class=\"edgtf-track-title\" data-track-index=\"12\"> <span class=\"edgtf-track-number\"> 13. <\/span> Italia: Ultimo Atto (Epilogo)<br><\/span><\/div>\n<p><\/p>\n\n\n<hr class=\"wp-block-separator\"\/>\n\n\n<h4>Concepto<\/h4>\n<div class=\"edgtf-about-album-content\">\n<div class=\"vc_row wpb_row vc_row-fluid edgtf-section edgtf-content-aligment-left\">\n<div class=\"clearfix edgtf-full-section-inner\">\n<div class=\"wpb_column vc_column_container vc_col-sm-12\">\n<div class=\"vc_column-inner\">\n<div class=\"wpb_wrapper\">\n<div class=\"wpb_text_column wpb_content_element \">\n<div class=\"wpb_wrapper\">\n<p>Quarta uscita di IANVA e secondo appuntamento con la lunga durata. <br>Un\u2019opera monumentale che sfiora i 70 minuti e che tuttavia scorre impetuosamente trascinando l\u2019ascoltatore in un nuovo, drammatico viaggio.<br>Questa volta va in scena da protagonista un\u2019intera nazione, l\u2019Italia. Le pagine pi\u00f9 oscure, torbide e controverse della storia degli ultimi sessant\u2019anni viste attraverso gli occhi degli sconfitti di sempre: gli umili, i galantuomini, gli idealisti. La dissoluzione morale e spirituale di un popolo raccontata con appeal neorealista e con pi\u00f9 d\u2019un aggancio all\u2019opera di alcune delle pi\u00f9 grandi voci dissidenti del periodo: da Pasolini a Malaparte, da Germi a Gaber. E il tocco dolceamaro del genuino, del popolare: da Dalida a Battisti, con gli immancabili Genovesi (De Andr\u00e8, Tenco) e Morricone a fare da sfondo. Il tutto nell\u2019ormai consueto e fiammeggiante linguaggio musicale di IANVA, qui, probabilmente, al suo apice di potenza e lirismo.<\/p>\n<p><span id=\"fbPhotoSnowliftCaption\" class=\"fbPhotosPhotoCaption\" tabindex=\"0\" aria-live=\"polite\" data-ft=\"{&quot;tn&quot;:&quot;K&quot;}\"><span class=\"hasCaption\">Prima stampa in digibook. Ristampe successive in jewelbox.<\/span><\/span><\/p>\n<p>Note: presentato in anteprima nell&#8217;ambito dell&#8217;edizione 2009 del Wave Gotik Treffen (Leipzig, D).<\/p>\n<\/div>\n<\/div>\n<\/div>\n<\/div>\n<\/div>\n<\/div>\n<\/div>\n<\/div>\n<p><span class=\"txt\">&nbsp;<\/span><\/p>\n<p><\/p>\n\n\n<hr class=\"wp-block-separator\"\/>\n\n\n\n<div class=\"wp-block-buttons aligncenter is-layout-flex wp-block-buttons-is-layout-flex\">\n<div class=\"wp-block-button is-style-primary\"><a class=\"wp-block-button__link\" href=\"testi-italia-ultimo-atto\" target=\"_blank\" rel=\"noreferrer noopener\">TESTI<\/a><\/div>\n\n\n\n<div class=\"wp-block-button is-style-primary\"><a class=\"wp-block-button__link\" href=\"lyrics-italia-ultimo-atto\" target=\"_blank\" rel=\"noreferrer noopener\">LYRICS<\/a><\/div>\n<\/div>\n\n\n\n<hr class=\"wp-block-separator\"\/>\n\n\n<h4>Reviews<\/h4>\n<blockquote>\n<p><em>&#8220;<\/em><span class=\"txt\"><em>&#8230; IANVA \u00e8 l\u2019ultima cittadella vivente del melodramma d\u2019autore, sorta di nemesi silenziosa che reclama lo spirito del bel suono e l\u2019orgoglio di una italianit\u00e0 dimenticata, un\u2019italianit\u00e0 delle idee e del sentimento, della musica quale forma di gesto-poesia che colpisce dritto alla testa e al cuore della gente. Che fa ribollire il sangue nelle vene mentre scandisce motivazioni cogenti come la disintegrazione dei valori, valori per i quali si sono versati fiumi di sangue in guerre fratricide. IANVA non \u00e8 retro, semmai \u00e8 rinascimento eroico, \u00e8 retaggio attivo che pensa al presente e pone interrogativi su ci\u00f2 che siamo in questo momento della storia\/nazione. All\u2019ordine del giorno c\u2019\u00e8 il tema della sopravvivenza, e con esso il mal d\u2019amore che ghermisce dentro, c\u2019\u00e8 l\u2019allarme della fine che assorda e sconquassa. C\u2019\u00e8 &#8220;Italia: Ultimo Atto&#8221;, questa Italia dove gli dei scappano e gli arrabbiati restano&#8230; L\u2019appello \u00e8 disperato, ma ad accompagnarlo \u00e8 un canto di passione sublime, \u00e8 la melodia che suscita tripudio ad ogni giro d\u2019accordo, la forza della speranza che muove alle lacrime. Andrebbero menzionati tutti i 13 brani che nutrono la generosa scaletta, ma qui preme sviscerare emozioni e concetti, l\u2019attonito tramestio che inchioda con le spalle al muro del furor lirico, il soffio della tromba che arriva come un\u2019aquila mandata dal cielo, il nitore cristallino delle corde pizzicate e la fisarmonica che geme alle luci del crepuscolo. L\u2019amore che non s\u2019arrende di fronte alla disfatta dei sogni, ma che urla dal suo sudario d\u2019agonia per restituirli alla vita&#8221;<\/em>.<br><\/span><span class=\"txt\">(Aldo Chimenti &#8211; Rockerilla (I) &#8211; 9\/10 &#8211; June 2009) <br><\/span><\/p>\n<\/blockquote>\n<blockquote>\n<p><em>&#8220;Un profondo senso tragico rende prioritario il nuovo operato dei genovesi, quello sguardo fermo, eroico ed onesto, che \u00e8 neorealismo votato alla denuncia del dramma socio-politico di un popolo: dittatura, guerra, liberazione e tradimento nella casacca consumistica, terrorismo, il pasoliniano \u2019automatismo mercificante\u2019 (giunto alla disintegrazione huxleyana). La narrazione sonora muta in distinguo pi\u00f9 operistici e folklorici, nella passionale luce epica ritratta dalle arie di Morricone, Wagner, De Andr\u00e8, Tenco, sino ai fraseggi del cabaret berchtiano. Nobili tragitti,cos\u00ec come \u00e8 nobile, arcaico, il ripristino neofolk verso Death In June e Ordo Equitum Solis. In queste \u2019macerie di valori\u2019, il finale pare suggerire un varco nell\u2019obbedienza spirituale&#8221;<\/em> <br>(Stefano Morelli &#8211; Rumore (I) &#8211; 9\/10 &#8211; June 2009)<\/p>\n<\/blockquote>\n<blockquote>\n<p><em>&#8220;&#8230; Lo sguardo fermo e intransigente di Mercy &amp; C. \u00e8 ancora venato dalla nostalgia per quella sorta di &#8220;arcadia italiana&#8221; di inizio secolo, progressivamente corrotta in una sorta di cupio dissolvi collettivo, nella corsa cieca verso un progresso illusorio ed egoista. E nella sua &#8220;notte della Repubblica&#8221; brillano i rimandi ad alcune grandi voci del dissenso, da Pasolini a Malaparte, da Germi a Gaber&#8230; Si accentua l\u2019evoluzione verso un formato pi\u00f9 arioso, quasi &#8220;operistico&#8221;, una ballata per orchestra che rinuncia quasi del tutto al passo marziale neofolk degli esordi&#8230; Il fascino degli Ianva \u00e8 proprio nell\u2019enfasi cupa e seriosa, in quella prorompente potenza lirica che scampa miracolosamente all\u2019ironia involontaria di tanti altri gruppi limitrofi. Se &#8220;Disobbedisco!&#8221; era un colpo di maglio in faccia all\u2019indie tricolore, &#8220;Italia: ultimo atto&#8221; \u00e8 una lenta ma inesorabile discesa negli inferi, che conferma l\u2019unicit\u00e0 della band genovese nel panorama nostrano.&#8221;<\/em><br>(Claudio Fabretti &#8211; Ondarock (I) <span class=\"txt\">&#8211; 7,5 &#8211; June 2009<\/span>)<\/p>\n<\/blockquote>\n<blockquote>\n<p><em>&#8220;&#8230; Protesi ogni volta verso un cimento pi\u00f9 ardimentoso IANVA non prendono per \u2019Italia: Ultimo Atto\u2019 spunto concettuale da un\u2019invenzione drammaturgica come avvenne in &#8220;Disobbedisco!&#8221; bens\u00ec dalla storia d\u2019Italia dalla caduta del fascismo ai nostri giorni&#8230; L\u2019album inscena infatti una rappresentazione che \u00e8 un\u2019incessante tormenta che con arrangiamenti tracimanti epos ad ogni frangente coinvolge e inquieta nella sua prepotente irruenza&#8230; Il percorso tra vizi, nefandezze e irrisolti interrogativi \u00e8 affrontato dunque con partecipazione totale e popolare&#8230; Il percorso tra vizi, nefandezze e irrisolti interrogativi \u00e8 affrontato dunque con partecipazione totale e popolare &#8230; Con l\u2019ausilio di qualche documento sonoro d\u2019epoca estremamente funzionale &#8230; emergono, pi\u00f9 che umori folk noir, riferimenti musicali da reperire nei massimi compositori di colonne sonore nostrani&#8230; e nella canzone d\u2019autore non soltanto di una forte specificit\u00e0 italica &#8211; su tutti il concittadino De Andr\u00e9 &#8211; coincidendo frequentemente con la visionariet\u00e0 melodica di Brel, Walker, Almond.&#8221;<\/em><br>(Paolo Bertoni- Blow Up (I) <span class=\"txt\">-7\/8 &#8211; September 2009<\/span>)<\/p>\n<\/blockquote>\n<blockquote>\n<p><em>&#8220;The flamboyant and many-headed Italian darkfolk cabaret ensemble Ianva has released a great new conceptalbum with the title Italia: Ultimo Atto. Passionated melancholic folk music with an influence of melodramatic cabaret delivered Ianva much praise on previous releases and this was completely justified so the expectations for this new album were pretty high. Italia: Ultimo Atto deals with the darkest and most controversial times of Italian history of the last 60 years as seen through the eyes of the oppressed, the idealists and the honest men. Through the eyes of the eternally defeated. It deals with partisans and fascists, war and corruption&#8230; Italia: Ultimo Atto shows Ianva at its best. Powerful, epic and compelling. Ianva has again achieved to improve themselves. This release deserves the highest grade. A must buy&#8221;<\/em><br>(Teknoir &#8211; Gothtronic (NL) <span class=\"txt\">-10\/10 &#8211;&nbsp; August 2009<\/span>)<\/p>\n<\/blockquote>\n<blockquote>\n<p><em>&#8221; Dank der ausgefeilten Arrangements gehen Akustik- und Elektrogitarren, Percussion, Streicher, Klavier, Akkordeon und Trompete eine geniale Symbiose ein. Klassische Neofolk-Elemente finden sich ebenso wie treibende Marschrhythmen (\u201eBora\u201c), von italienischer Folklore Beeinflu\u00dftes (\u201eIn compagna dei lupi\u201c) oder St\u00fccke, die an Chansons aus den 30er Jahren erinnern (\u201eLuisa Ferida\u201c, das sich am Ende in einen immer schneller werdenden Walzerrhythmus steigert). Das alles f\u00fcgt sich zu einer einzigartigen Einheit, die ich so im doch manchmal stark im Immergleichen verhafteten Neofolk- und Military Pop-Genre noch nie geh\u00f6rt habe. Eigentlich bleibt nur noch eins zu sagen: \u00d6ffnet eine Flasche guten italienischen Rotwein und genie\u00dft diese brillante Mischung aus Pathos, Romantik und Dramatik!&#8221;.<\/em><br>(SME &#8211; Black Magazine (D) <span class=\"txt\">-10\/10 &#8211;&nbsp; December 2009<\/span>)<\/p>\n<\/blockquote>\n\n\n<p><\/p>\n","protected":false},"excerpt":{"rendered":"<p>Artist: IANVA Label: Antica Fonografia Il LevrieroTipologia: Digibook CD Release Date: 02\/06\/2009 Genres: Chanson, Dark Cabaret, Italian, Italian Cabaret Melodrama, Martial, Neofolk, Neoclassical, Old Fashioned, Songwriter, Soundtrack Personnel&nbsp; Mercy: voce, liriche, musiche, concepto, arrangiamenti, cori Stefania T. D\u2019Alterio: voce, liriche, musicheFabio Carfagna: chitarre acustica ed elettrica, musiche, cori Francesco La Rosa: percussioni d\u2019ogni sorta, programmazione&hellip;&nbsp;<a href=\"https:\/\/www.illevriero.it\/new\/italia-ultimo-atto\/\" rel=\"bookmark\">Leggi tutto &raquo;<span class=\"screen-reader-text\">ITALIA: ULTIMO ATTO<\/span><\/a><\/p>\n","protected":false},"author":3,"featured_media":0,"parent":0,"menu_order":0,"comment_status":"closed","ping_status":"open","template":"","meta":{"_uag_custom_page_level_css":"","advgb_blocks_editor_width":"","advgb_blocks_columns_visual_guide":"","kk_blocks_editor_width":"","_kiokenblocks_attr":"","_kiokenblocks_dimensions":"","neve_meta_sidebar":"","neve_meta_container":"","neve_meta_enable_content_width":"off","neve_meta_content_width":0,"neve_meta_title_alignment":"","neve_meta_author_avatar":"","neve_post_elements_order":"","neve_meta_disable_header":"","neve_meta_disable_footer":"","neve_meta_disable_title":"","_themeisle_gutenberg_block_has_review":false,"footnotes":""},"class_list":["post-163","page","type-page","status-publish","hentry"],"featured_image_src":null,"featured_image_src_square":null,"uagb_featured_image_src":{"full":false,"thumbnail":false,"medium":false,"medium_large":false,"large":false,"1536x1536":false,"2048x2048":false,"ab-block-post-grid-landscape":false,"ab-block-post-grid-square":false,"neve-blog":false},"uagb_author_info":{"display_name":"Il Levriero Staff","author_link":"https:\/\/www.illevriero.it\/new\/author\/il-levriero-staff\/"},"uagb_comment_info":0,"uagb_excerpt":"Artist: IANVA Label: Antica Fonografia Il LevrieroTipologia: Digibook CD Release Date: 02\/06\/2009 Genres: Chanson, Dark Cabaret, Italian, Italian Cabaret Melodrama, Martial, Neofolk, Neoclassical, Old Fashioned, Songwriter, Soundtrack Personnel&nbsp; Mercy: voce, liriche, musiche, concepto, arrangiamenti, cori Stefania T. D\u2019Alterio: voce, liriche, musicheFabio Carfagna: chitarre acustica ed elettrica, musiche, cori Francesco La Rosa: percussioni d\u2019ogni sorta, programmazione&hellip;&nbsp;Leggi&hellip;","coauthors":[],"author_meta":{"author_link":"https:\/\/www.illevriero.it\/new\/author\/il-levriero-staff\/","display_name":"Il Levriero Staff"},"relative_dates":{"created":"Pubblicato 6 anni fa","modified":"Aggiornato 6 anni fa"},"absolute_dates":{"created":"Pubblicato il 19\/06\/2020","modified":"Aggiornato il 04\/07\/2020"},"absolute_dates_time":{"created":"Pubblicato il 19\/06\/2020 23:22","modified":"Aggiornato il 04\/07\/2020 23:11"},"featured_img_caption":"","featured_img":false,"series_order":"","_links":{"self":[{"href":"https:\/\/www.illevriero.it\/new\/wp-json\/wp\/v2\/pages\/163","targetHints":{"allow":["GET"]}}],"collection":[{"href":"https:\/\/www.illevriero.it\/new\/wp-json\/wp\/v2\/pages"}],"about":[{"href":"https:\/\/www.illevriero.it\/new\/wp-json\/wp\/v2\/types\/page"}],"author":[{"embeddable":true,"href":"https:\/\/www.illevriero.it\/new\/wp-json\/wp\/v2\/users\/3"}],"replies":[{"embeddable":true,"href":"https:\/\/www.illevriero.it\/new\/wp-json\/wp\/v2\/comments?post=163"}],"version-history":[{"count":3,"href":"https:\/\/www.illevriero.it\/new\/wp-json\/wp\/v2\/pages\/163\/revisions"}],"predecessor-version":[{"id":471,"href":"https:\/\/www.illevriero.it\/new\/wp-json\/wp\/v2\/pages\/163\/revisions\/471"}],"wp:attachment":[{"href":"https:\/\/www.illevriero.it\/new\/wp-json\/wp\/v2\/media?parent=163"}],"curies":[{"name":"wp","href":"https:\/\/api.w.org\/{rel}","templated":true}]}}