{"id":146,"date":"2020-06-19T22:09:11","date_gmt":"2020-06-19T20:09:11","guid":{"rendered":"http:\/\/www.illevriero.it\/new\/?page_id=146"},"modified":"2020-07-03T22:17:22","modified_gmt":"2020-07-03T20:17:22","slug":"disobbedisco","status":"publish","type":"page","link":"https:\/\/www.illevriero.it\/new\/disobbedisco\/","title":{"rendered":"DISOBBEDISCO!"},"content":{"rendered":"<p><img fetchpriority=\"high\" decoding=\"async\" class=\"alignnone size-medium wp-image-74\" src=\"http:\/\/www.illevriero.it\/new\/wp-content\/uploads\/2020\/06\/diso2005_600x600-300x300.jpg\" alt=\"\" width=\"300\" height=\"300\"><\/p>\n<div class=\"edgtf-album-details-holder\">\n<div class=\"edgtf-album-details edgtf-album-artists\"><strong>Artist:<\/strong> IANVA<\/div>\n<div class=\"edgtf-album-details edgtf-album-labels\"><strong>Label:<\/strong> Antica Fonografia Il Levriero<br><strong>Tipologia:<\/strong> Digipak CD<\/div>\n<div class=\"edgtf-album-details edgtf-album-date\"><strong>Release Date:<\/strong> 16\/01\/2006<\/div>\n<div class=\"edgtf-album-details edgtf-album-genres\"><strong>Genres:<\/strong> Chanson, Dark Cabaret, Italian, Italian Cabaret Melodrama, Martial, Neofolk, Old Fashioned, Songwriter, Soundtrack<p><\/p>\n<\/div>\n<div class=\"edgtf-album-details edgtf-album-people\"><strong>Personnel&nbsp;<\/strong> <br>Mercy: voce, liriche, musiche, concepto <br>Stefania T. D\u2019Alterio: voce, liriche<br>Argento: chitarre classica ed elettrica, basso elettrico, musiche <br>Francesco La Rosa: percussioni d\u2019ogni sorta, programmazione macchine, musiche <br>Fabio Gremo: chitarra classica, programmazione macchine, musiche<br>Giuseppe Span\u00f2: pianoforte <br>Azoth: basso elettrico <br>Fabio Fabbri: tromba <br>Riccardo Casazza\/Davide La Rosa: fisarmonica<\/div>\n<div class=\"edgtf-album-details edgtf-album-people\">\n<p><strong>Guest:<\/strong> Andrea Chimenti (la Voce di D&#8217;Annunzio in &#8220;<em>Traditi<\/em>&#8220;)<\/p>\n<p><strong>Registrazioni a cura di: <\/strong>Francesco La Rosa (ReAbo Studios) <br><strong>Prodotto da:<\/strong> IANVA <br><strong>Grafica e supervisione generale:<\/strong> Massimo Bellucci per &#8220;Antica Fonografia Il Levriero&#8221;<\/p>\n<\/div>\n<\/div>\n\n\n<hr class=\"wp-block-separator\"\/>\n\n\n<h4>Tracklist<\/h4>\n<p><\/p>\n<div class=\"edgtf-album-details-holder\">&nbsp;<\/div>\n<div class=\"edgtf-track-holder edgtf-unique-track-5752-\"><span class=\"edgtf-track-title\" data-track-index=\"0\"> <span class=\"edgtf-track-number\"> 1. <\/span> Intro &#8211; Colpo Di Maglio<\/span><\/div>\n<div class=\"edgtf-track-holder edgtf-unique-track-5752-\"><span class=\"edgtf-track-title\" data-track-index=\"1\"> <span class=\"edgtf-track-number\"> 2. <\/span> La Ballata Dell&#8217;Ardito<\/span><\/div>\n<div class=\"edgtf-track-holder edgtf-unique-track-5752-\"><span class=\"edgtf-track-title\" data-track-index=\"2\"> <span class=\"edgtf-track-number\"> 3. <\/span> Vittoria Mutilata<\/span><\/div>\n<div class=\"edgtf-track-holder edgtf-unique-track-5752-\"><span class=\"edgtf-track-title\" data-track-index=\"3\"> <span class=\"edgtf-track-number\"> 4. <\/span> XII \u2013 IX \u2013 MCMXIX: Di Nuovo In Armi!<\/span><\/div>\n<div class=\"edgtf-track-holder edgtf-unique-track-5752-\"><span class=\"edgtf-track-title\" data-track-index=\"4\"> <span class=\"edgtf-track-number\"> 5. <\/span> Tango Della Menade<\/span><\/div>\n<div class=\"edgtf-track-holder edgtf-unique-track-5752-\"><span class=\"edgtf-track-title\" data-track-index=\"5\"> <span class=\"edgtf-track-number\"> 6. <\/span> Sangue Morlacco<\/span><\/div>\n<div class=\"edgtf-track-holder edgtf-unique-track-5752-\"><span class=\"edgtf-track-title\" data-track-index=\"6\"> <span class=\"edgtf-track-number\"> 7. <\/span> Per Non Dormire<\/span><\/div>\n<div class=\"edgtf-track-holder edgtf-unique-track-5752-\"><span class=\"edgtf-track-title\" data-track-index=\"7\"> <span class=\"edgtf-track-number\"> 8. <\/span> Traditi<\/span><\/div>\n<div class=\"edgtf-track-holder edgtf-unique-track-5752-\"><span class=\"edgtf-track-title\" data-track-index=\"8\"> <span class=\"edgtf-track-number\"> 9. <\/span> Fuoco A Fume<\/span><\/div>\n<div class=\"edgtf-track-holder edgtf-unique-track-5752-\"><span class=\"edgtf-track-title\" data-track-index=\"9\"> <span class=\"edgtf-track-number\"> 10. <\/span> Muri D&#8217;Assenzio<\/span><\/div>\n<div class=\"edgtf-track-holder edgtf-unique-track-5752-\"><span class=\"edgtf-track-title\" data-track-index=\"10\"> <span class=\"edgtf-track-number\"> 11. <\/span> Outro &#8211; Amor Sola Lex (<em>Ghost Track &#8220;O&#8217; Surdato Nnammurato&#8221;<\/em>)<br><\/span><\/div>\n<p><\/p>\n\n\n<hr class=\"wp-block-separator\"\/>\n\n\n<h4>Concepto<\/h4>\n<div class=\"edgtf-about-album-content\">\n<div class=\"vc_row wpb_row vc_row-fluid edgtf-section edgtf-content-aligment-left\">\n<div class=\"clearfix edgtf-full-section-inner\">\n<div class=\"wpb_column vc_column_container vc_col-sm-12\">\n<div class=\"vc_column-inner\">\n<div class=\"wpb_wrapper\">\n<div class=\"wpb_text_column wpb_content_element \">\n<div class=\"wpb_wrapper\">\n<p class=\"western\" align=\"JUSTIFY\">Un musical d\u2019altri tempi, tra concetto e atmosfere dimenticate, tra le grigioverdi note della storia di un\u2019avventurosa passione ambientata nella Fiume dell\u2019Impresa dannunziana ove, per 16 mesi, in quel microcosmo tra cielo e mare, tutto sembra possibile: da una dinamica arte d\u2019avanguardia all\u2019orazione decadente, dalle pi\u00f9 lascive volutt\u00e0, alla sfrenata goliardia cameratesca imbevuta d\u2019assenzio, e corroborata da bianca polvere di coca. <br>L\u00ec nasce e si consuma il tragico destino dei due protagonisti, Renzi ed Elettra. <br>Lui, un maggiore al servizio dell\u2019Impresa, distrutto dalla guerra \u2013 e dalla successiva pace. Lei, una seducente \u2013 e seduttrice \u2013 spia interalleata che risponde del suo operato a \u201ccerte tenebrose autorit\u00e0\u201d, inviata a Fiume per scoprire ed eventualmente sabotare potenziali sviluppi dell\u2019Impresa sgraditi ai suoi sconosciuti referenti. <br>La storia di un amore impossibile nella Citt\u00e0 Di Vita. <br>Sfumato il sogno, riusciranno a rincontrarsi a Trieste per salpare verso una differente esistenza come, con ferocemente perseguita ingenuit\u00e0, si ostinano a vagheggiare?<\/p>\n<p><span id=\"fbPhotoSnowliftCaption\" class=\"fbPhotosPhotoCaption\" tabindex=\"0\" aria-live=\"polite\" data-ft=\"{&quot;tn&quot;:&quot;K&quot;}\"><span class=\"hasCaption\">Prima stampa in digipack. Ristampe in jewelbox<\/span><\/span>, in due edizioni differenti (di cui una comprende anche brani contenuti nel primo EP \u201cLa Ballata Dell\u2019Ardito&#8221;). Oggi \u00e8 di nuovo disponibile con copertina virata in grigioverde, la &#8220;Disobbedisco! 2017 Ed.&#8221;<\/p>\n<\/div>\n<\/div>\n<\/div>\n<\/div>\n<\/div>\n<\/div>\n<\/div>\n<\/div>\n<p><span class=\"txt\">&nbsp;<\/span><\/p>\n<p><\/p>\n\n\n<hr class=\"wp-block-separator\"\/>\n\n\n\n<div class=\"wp-block-buttons aligncenter is-layout-flex wp-block-buttons-is-layout-flex\">\n<div class=\"wp-block-button is-style-primary\"><a class=\"wp-block-button__link\" href=\"testi-disobbedisco\" target=\"_blank\" rel=\"noreferrer noopener\">TESTI<\/a><\/div>\n\n\n\n<div class=\"wp-block-button is-style-primary\"><a class=\"wp-block-button__link\" href=\"lyrics-disobbedisco\" target=\"_blank\" rel=\"noreferrer noopener\">LYRICS<\/a><\/div>\n<\/div>\n\n\n\n<hr class=\"wp-block-separator\"\/>\n\n\n<h4>Reviews<\/h4>\n<blockquote>\n<p><em>&#8220;<\/em><span class=\"txt\"><em>&#8230; Quando l&#8217;arte diventa azione pura ritrova la sua essenza. Gli IANVA non scrivono musica in quanto arte fine a se stessa, ma per restituirle la sua funzione primaria: comunicare valori. Qui sta il significato della rievocazione storica che si staglia sullo sfondo di &#8220;Disobbedisco!&#8221;, un album che riflette lo stato attuale delle cose partendo da lontano. L&#8217;impresa dannunziana di Fiume torna ad urlare i suoi motti in una sorta di nemesi nazionalpopolare fatta suono, nobilt\u00e0 di sangue e suolo che scorre a fiotti nelle vene di un debutto che ha dell&#8217;eroico perch\u00e9 non omologabile ad esperienze precedenti. Con &#8220;Disobbedisco!&#8221; Mercy (Helden Rune, Malombra&#8230;) e i suoi compagni di ventura hanno ricostruito uno scorcio d&#8217;Italia in un intreccio di vicende musicali tra rock-opera e cabaret, dove la mistica del sogno impossibile passa attraverso le meccaniche dell&#8217;amore e della tragedia. Un&#8217;epopea tutta italiana che si dipana sulla progressione di undici atti emblematici (pi\u00f9 la ghost-track di &#8220;0&#8242; Surdato &#8216;Nnammurato&#8221;), come un musical d&#8217;altri tempi che annoda fantastici arcobaleni elettroacustici (&#8220;La Ballata Dell&#8217;Ardito&#8221;, Per Non Dormire&#8221;, &#8220;Vittoria Mutilata&#8221;). O che tinge danze di passione alle note di &#8220;Tango Della Menade&#8221;, &#8220;Sangue Morlacco&#8221; e &#8220;Muri D&#8217;assenzio&#8221; O che infine sussurra alle nostre coscienze fra i chiaro-scuro morriconiani di &#8220;Traditi&#8221; (con la bella voce narrante di Andrea Chimenti nel ruolo del Vate), &#8220;Fuoco A Fiume&#8221; e &#8220;XII-IX-MCMXLX Di Nuovo In Armi!&#8221;. Da chiedersi quanto siam degni d&#8217;essere italiani. &#8220;<\/em>.<br><\/span><span class=\"txt\">(Aldo Chimenti &#8211; Rockerilla (I) &#8211; 9\/10 &#8211; February 2006) <br><\/span><\/p>\n<\/blockquote>\n<blockquote>\n<p><em>&#8220;L&#8217;impeto artistico-ideologico del futurismo ebbe un ruolo fondante nell&#8217;impresa di Fiume, specialmente in quel D&#8217;Annunzio (impeccabile l&#8217;interpretazione di Andrea Chimenti in &#8216;Traditi&#8217;) che seppe raggruppare attorno a s\u00e9 una folta schiera di soggetti disposti a non accettare le direttive dei trattati di pace parigini. Questo il sottofondo storico nella vicenda amorosa tra il maggiore Renzi ed Elettra Stravos, indi viatico del progetto lanva (collettivo che vede come protagonisti Mercy dei Malombra, Argento degli Spite Extreme Wing e Stefan\u00eca d&#8217;Alterio), anima in cui convergono estrazioni musicali di natura alta: l&#8217;orchestrazione epica di Morricone, il cantautorale alla De Andr\u00e8, la passione brechtiana di Milva, il neofolk marziale dei primi Derni\u00e8re Volont\u00e9, chiaroscuri wave prog cari ai Litfiba di un tempo, il fascino nei riguardi dello spleen francese e del gusto melodico mediterraneo.&#8221;<\/em> <br>(Stefano Morelli &#8211; Rumore (I) &#8211; February 2006)<\/p>\n<\/blockquote>\n<blockquote>\n<p><em>&#8220;&#8230; Opera curatissima fin nei dettagli, dagli arrangiamenti ai testi (nell\u2019italiano aulico, e bellissimo, dell\u2019epoca) dal packaging alla grafica retr\u00f2, &#8220;Disobbedisco!&#8221; \u00e8 una delle pi\u00f9 sorprendenti risposte della musica italiana a quanti ne hanno preconizzato da tempo la fine, o l\u2019ormai completo deragliamento dalle radici. Un disco moderno, ma coi piedi ben piantati nella nostra tradizione, e che suona, forse proprio per questo, esportabile come pochissimi altri (e a quanto pare i primi riscontri all\u2019estero degli Ianva ne sono una conferma). Prima di lanciarvi nelle sterili recriminazioni sulla simbologia destrorsa che ammorbano da sempre i dibattiti sul neofolk, provate ad ascoltarlo. E lasciate che sia la musica a darvi le risposte..&#8221;<\/em><br>(Claudio Fabretti &#8211; Ondarock (I) <span class=\"txt\">&#8211; 7,5 &#8211; 2006<\/span>)<\/p>\n<\/blockquote>\n<blockquote>\n<p><em>&#8220;&#8230; &#8220;Ecco un disco che riesce a essere poetico, a parlare d amore e a inviare forti messaggi attingendo al &#8220;mood&#8221; di quell&#8217;Italia sospesa tra le pagine della sua Storia, tra il 1918 e il 1920, tra le grigioverdi note di una tragica passione impossibile tra il maggiore Cesare Renzi e la spia interalleata Elettra Stavros, ambientata nella Fiume della Reggenza Italiana di D&#8217;Annnunziana memoria. E dunque coraggioso ed estraneo ai linguaggi della contemporaneit\u00e0: &#8220;Disobbedisco!&#8221; \u00e8 una sorta di musical d&#8217;altri tempi a opera del progetto genovese (artistico e apolitico, suole sottolinearlo) Ianva, la cui recente formazione annovera molti bei nomi dell&#8217;underground italiano e restituisce un senso non solo artistico a concetti quali &#8220;passionalit\u00e0&#8221;, &#8220;ardimento&#8221; e &#8220;dignit\u00e0&#8221;, in un ispirato melange noir-folk d&#8217;autore. Un concept-album stimolante e curato in ogni aspetto, intriso di cultura popolare, che strizza l&#8217;occhio ai &#8216;grandi&#8221; della canzone d&#8217;autore francese e italiana..&#8221;<\/em><br>(Lucia Marchi\u00f2- Repubblica (I) <span class=\"txt\">&#8211; 2006<\/span>)<\/p>\n<\/blockquote>\n<blockquote>\n<p><em>&#8220;&#8230;Their style has greatness, it is old-fashioned, completely torn out of today\u2019s time, extremely authentically and above all very honest. With IANVA we may perhaps have the luck to encounter a renaissance of the great passions, of humans made of flesh and blood. &#8220;Disobbedisco!&#8221; is with all its densely filled tracks and its beautiful and brilliantly nostalgic artwork a complete piece of its own, which is rooted in the often called ambivalence of Archeofuturism. The &#8220;Comandante&#8221; would have been strongly delighted.&#8221;<\/em><br>(Roy Liebscher- Lichtfaufe (D) <span class=\"txt\">&#8211; December 2005<\/span>)<\/p>\n<\/blockquote>\n\n\n<p><\/p>\n","protected":false},"excerpt":{"rendered":"<p>Artist: IANVA Label: Antica Fonografia Il LevrieroTipologia: Digipak CD Release Date: 16\/01\/2006 Genres: Chanson, Dark Cabaret, Italian, Italian Cabaret Melodrama, Martial, Neofolk, Old Fashioned, Songwriter, Soundtrack Personnel&nbsp; Mercy: voce, liriche, musiche, concepto Stefania T. D\u2019Alterio: voce, liricheArgento: chitarre classica ed elettrica, basso elettrico, musiche Francesco La Rosa: percussioni d\u2019ogni sorta, programmazione macchine, musiche Fabio Gremo:&hellip;&nbsp;<a href=\"https:\/\/www.illevriero.it\/new\/disobbedisco\/\" rel=\"bookmark\">Leggi tutto &raquo;<span class=\"screen-reader-text\">DISOBBEDISCO!<\/span><\/a><\/p>\n","protected":false},"author":3,"featured_media":0,"parent":0,"menu_order":0,"comment_status":"closed","ping_status":"open","template":"","meta":{"_uag_custom_page_level_css":"","advgb_blocks_editor_width":"","advgb_blocks_columns_visual_guide":"","kk_blocks_editor_width":"","_kiokenblocks_attr":"","_kiokenblocks_dimensions":"","neve_meta_sidebar":"","neve_meta_container":"","neve_meta_enable_content_width":"off","neve_meta_content_width":0,"neve_meta_title_alignment":"","neve_meta_author_avatar":"","neve_post_elements_order":"","neve_meta_disable_header":"","neve_meta_disable_footer":"","neve_meta_disable_title":"","_themeisle_gutenberg_block_has_review":false,"footnotes":""},"class_list":["post-146","page","type-page","status-publish","hentry"],"featured_image_src":null,"featured_image_src_square":null,"uagb_featured_image_src":{"full":false,"thumbnail":false,"medium":false,"medium_large":false,"large":false,"1536x1536":false,"2048x2048":false,"ab-block-post-grid-landscape":false,"ab-block-post-grid-square":false,"neve-blog":false},"uagb_author_info":{"display_name":"Il Levriero Staff","author_link":"https:\/\/www.illevriero.it\/new\/author\/il-levriero-staff\/"},"uagb_comment_info":0,"uagb_excerpt":"Artist: IANVA Label: Antica Fonografia Il LevrieroTipologia: Digipak CD Release Date: 16\/01\/2006 Genres: Chanson, Dark Cabaret, Italian, Italian Cabaret Melodrama, Martial, Neofolk, Old Fashioned, Songwriter, Soundtrack Personnel&nbsp; Mercy: voce, liriche, musiche, concepto Stefania T. D\u2019Alterio: voce, liricheArgento: chitarre classica ed elettrica, basso elettrico, musiche Francesco La Rosa: percussioni d\u2019ogni sorta, programmazione macchine, musiche Fabio Gremo:&hellip;&nbsp;Leggi&hellip;","coauthors":[],"author_meta":{"author_link":"https:\/\/www.illevriero.it\/new\/author\/il-levriero-staff\/","display_name":"Il Levriero Staff"},"relative_dates":{"created":"Pubblicato 6 anni fa","modified":"Aggiornato 6 anni fa"},"absolute_dates":{"created":"Pubblicato il 19\/06\/2020","modified":"Aggiornato il 03\/07\/2020"},"absolute_dates_time":{"created":"Pubblicato il 19\/06\/2020 22:09","modified":"Aggiornato il 03\/07\/2020 22:17"},"featured_img_caption":"","featured_img":false,"series_order":"","_links":{"self":[{"href":"https:\/\/www.illevriero.it\/new\/wp-json\/wp\/v2\/pages\/146","targetHints":{"allow":["GET"]}}],"collection":[{"href":"https:\/\/www.illevriero.it\/new\/wp-json\/wp\/v2\/pages"}],"about":[{"href":"https:\/\/www.illevriero.it\/new\/wp-json\/wp\/v2\/types\/page"}],"author":[{"embeddable":true,"href":"https:\/\/www.illevriero.it\/new\/wp-json\/wp\/v2\/users\/3"}],"replies":[{"embeddable":true,"href":"https:\/\/www.illevriero.it\/new\/wp-json\/wp\/v2\/comments?post=146"}],"version-history":[{"count":6,"href":"https:\/\/www.illevriero.it\/new\/wp-json\/wp\/v2\/pages\/146\/revisions"}],"predecessor-version":[{"id":458,"href":"https:\/\/www.illevriero.it\/new\/wp-json\/wp\/v2\/pages\/146\/revisions\/458"}],"wp:attachment":[{"href":"https:\/\/www.illevriero.it\/new\/wp-json\/wp\/v2\/media?parent=146"}],"curies":[{"name":"wp","href":"https:\/\/api.w.org\/{rel}","templated":true}]}}